{"id":98,"date":"2016-07-23T21:23:41","date_gmt":"2016-07-23T21:23:41","guid":{"rendered":"http:\/\/turnverein-floersheim.de\/?page_id=98"},"modified":"2024-05-24T10:55:03","modified_gmt":"2024-05-24T08:55:03","slug":"vorstand","status":"publish","type":"page","link":"https:\/\/www.tv-floersheim.de\/?page_id=98","title":{"rendered":"Vorstand"},"content":{"rendered":"\n<p><strong>1. Vorsitzende<\/strong><br>Gerit Kaus<br>Brucknerstra\u00dfe 9<br>65439 Fl\u00f6rsheim am Main<br>Tel. 06145 8279<br><a href=\"mailto:Gerit.Kaus@TV-Floersheim.de\">Gerit.Kaus@TV-Floersheim.de<\/a><\/p>\n\n\n\n<p><strong>1. Schriftf\u00fchrer<\/strong><br>Helmut Go\u00dfmann<br><a href=\"mailto:Helmut.Gossmann@TV-Floersheim.de\">Helmut.Gossmann@TV-Floersheim.de<\/a><\/p>\n\n\n\n<p><strong>1. Kassierer<\/strong><br>Roland Engelter<br><a href=\"mailto:Roland.Engelter@TV-Floersheim.de\">Roland.Engelter@TV-Floersheim.de<\/a><\/p>\n\n\n\n<p><strong>2. Vorsitzende<\/strong><br>Yannick Gericke<br><a href=\"mailto:yannick.gericke@tv-floersheim.de\">yannick.gericke@tv-floersheim.de<\/a><\/p>\n\n\n\n<p><strong>2. Schriftf\u00fchrer<\/strong><br>Gudrun Schnelle<\/p>\n\n\n\n<p><strong>2. Kassierer<\/strong><br>Simone Benz<br><a href=\"mailto:Simone.Benz@TV-Floersheim.de\">Simone.Benz@TV-Floersheim.de<\/a><\/p>\n\n\n\n<p><strong>Sportwart<\/strong><br>Natalie Drolshagen<br><a href=\"mailto:Natalie.Drolshagen@TV-Floersheim.de\">Natalie.Drolshagen@TV-Floersheim.de<\/a><\/p>\n\n\n\n<hr class=\"wp-block-separator has-css-opacity\"\/>\n\n\n\n<p><strong>Erweiterter Vorstand <\/strong><\/p>\n\n\n\n<p><strong>Mitgliederwartin<\/strong><br>Simone Benz<br>Jahnstr.&nbsp;<br>65439 Fl\u00f6rsheim am Main<br>Tel. 06145 544 751<br><a href=\"mailto:Simone.Benz@TV-Floersheim.de\">Simone.Benz@TV-Floersheim.de<\/a><\/p>\n\n\n\n<p><strong>IT \/ Homepage<\/strong><br>Dittmar Nauheimer<br><a href=\"mailto:dittmar.nauheimer@TV-Floersheim.de\">dittmar.nauheimer@TV-Floersheim.de<\/a><\/p>\n\n\n\n<p><strong>Presse<\/strong><br>Andrea Gericke<br><a href=\"mailto:andrea.gericke@tv-floersheim.de\">andrea.gericke@tv-floersheim.de<\/a><\/p>\n\n\n\n<p><strong>Jugendwartin Turnen<\/strong><br>Natalie Drolshagen<br><a href=\"mailto:Natalie.Drolshagen@TV-Floersheim.de\">Natalie.Drolshagen@TV-Floersheim.de<\/a><\/p>\n\n\n\n<p><strong>Frauenwartin<\/strong><br>Theresa Berger<\/p>\n\n\n\n<p><strong>Abteilungsleitung Turnen<\/strong><br>Natalie Drolshagen<br><a href=\"mailto:Natalie.Drolshagen@TV-Floersheim.de\">Natalie.Drolshagen@TV-Floersheim.de<\/a><\/p>\n\n\n\n<p><strong>Abteilungsleitung Gesundheits- und REHA-Sport<\/strong><br>Christine Rhein<br><a href=\"mailto:Christine.Rhein@TV-Floersheim.de\">Christine.Rhein@TV-Floersheim.de<\/a><\/p>\n","protected":false},"excerpt":{"rendered":"<p>1. VorsitzendeGerit KausBrucknerstra\u00dfe 965439 Fl\u00f6rsheim am MainTel. 06145 8279Gerit.Kaus@TV-Floersheim.de 1. Schriftf\u00fchrerHelmut Go\u00dfmannHelmut.Gossmann@TV-Floersheim.de 1. KassiererRoland EngelterRoland.Engelter@TV-Floersheim.de 2. VorsitzendeYannick Gerickeyannick.gericke@tv-floersheim.de 2. Schriftf\u00fchrerGudrun Schnelle 2. KassiererSimone BenzSimone.Benz@TV-Floersheim.de SportwartNatalie DrolshagenNatalie.Drolshagen@TV-Floersheim.de Erweiterter Vorstand MitgliederwartinSimone BenzJahnstr.&nbsp;65439 [&hellip;]<\/p>\n","protected":false},"author":2,"featured_media":0,"parent":0,"menu_order":0,"comment_status":"closed","ping_status":"closed","template":"","meta":{"footnotes":""},"class_list":["post-98","page","type-page","status-publish","hentry"],"_links":{"self":[{"href":"https:\/\/www.tv-floersheim.de\/index.php?rest_route=\/wp\/v2\/pages\/98","targetHints":{"allow":["GET"]}}],"collection":[{"href":"https:\/\/www.tv-floersheim.de\/index.php?rest_route=\/wp\/v2\/pages"}],"about":[{"href":"https:\/\/www.tv-floersheim.de\/index.php?rest_route=\/wp\/v2\/types\/page"}],"author":[{"embeddable":true,"href":"https:\/\/www.tv-floersheim.de\/index.php?rest_route=\/wp\/v2\/users\/2"}],"replies":[{"embeddable":true,"href":"https:\/\/www.tv-floersheim.de\/index.php?rest_route=%2Fwp%2Fv2%2Fcomments&post=98"}],"version-history":[{"count":11,"href":"https:\/\/www.tv-floersheim.de\/index.php?rest_route=\/wp\/v2\/pages\/98\/revisions"}],"predecessor-version":[{"id":809,"href":"https:\/\/www.tv-floersheim.de\/index.php?rest_route=\/wp\/v2\/pages\/98\/revisions\/809"}],"wp:attachment":[{"href":"https:\/\/www.tv-floersheim.de\/index.php?rest_route=%2Fwp%2Fv2%2Fmedia&parent=98"}],"curies":[{"name":"wp","href":"https:\/\/api.w.org\/{rel}","templated":true}]}}