{"id":89,"date":"2016-07-23T21:10:04","date_gmt":"2016-07-23T21:10:04","guid":{"rendered":"http:\/\/turnverein-floersheim.de\/?page_id=89"},"modified":"2025-10-24T11:35:07","modified_gmt":"2025-10-24T09:35:07","slug":"deutsches-sportabzeichen","status":"publish","type":"page","link":"https:\/\/www.tv-floersheim.de\/?page_id=89","title":{"rendered":"Deutsches Sportabzeichen"},"content":{"rendered":"<p>ALLGEMEINES<br \/>\nWer seine Leistungsf\u00e4higkeit und Fitness testen oder einfach entdecken m\u00f6chte, was in ihm steckt, ist beim Sportabzeichen-Treff des TV Fl\u00f6rsheim richtig. Das Deutsche Sport-abzeichen ist au\u00dferhalb des Wettkampfsports die h\u00f6chste Auszeichnung des Deutschen Olympischen Sportbundes (DOSB). Dabei kann jeder, unabh\u00e4ngig von Alter und Geschlecht, die Bedingungen mit geeigneter Vorbe\u00acreitung schaffen. Das Ziel sollte es sein, regelm\u00e4\u00dfig, d. h. jedes Jahr, an den \u00dcbungsveranstaltungen zum Erwerb des Deutschen Sportabzeichens teilzunehmen. Der Sportabzeichen-Treff ist auch f\u00fcr Nicht-Vereinsmitglieder offen.<\/p>\n<p>DIE BEDINGUNGEN<br \/>\nDer Grundgedanke des Sportabzeichens ist die Vielseitigkeit. Die zu erbringenden Leistungen stammen aus den Bereichen Ausdauer, Kraft, Schnelligkeit und Koordination. Auch der Nachweis der Schwimmfertigkeit ist notwendige Voraussetzung f\u00fcr den Erwerb des Deutschen Sportabzeichens.<\/p>\n<p>Die genauen Bedingungen sind bei den beiden \u00dcbungsleitern zu erfragen oder im Internet unter <a href=\"http:\/\/www.deutsches-sportabzeichen.de\">www.deutsches-sportabzeichen.de<\/a> nachzulesen.<\/p>\n<p>DAS SPORTABZEICHEN<br \/>\nJe nach Leistungsstufe kann das Abzeichen (Urkunde und Anstecknadel) in Bronze, Silber oder Gold erworben werden. Wiederholer (5., 10., 15.,&#8230;, 60. Verleihung) k\u00f6nnen zus\u00e4tzlich das bicolore Abzeichen erwerben.<\/p>\n<p>Die Abzeichen f\u00fcr Erwachsene ab 18 Jahre:<\/p>\n<p><img loading=\"lazy\" decoding=\"async\" class=\"alignnone size-medium wp-image-629\" src=\"http:\/\/www.tv-floersheim.de\/wp-content\/uploads\/2022\/01\/Sportabzeichen-300x109.png\" alt=\"\" width=\"300\" height=\"109\" srcset=\"https:\/\/www.tv-floersheim.de\/wp-content\/uploads\/2022\/01\/Sportabzeichen-300x109.png 300w, https:\/\/www.tv-floersheim.de\/wp-content\/uploads\/2022\/01\/Sportabzeichen-1024x373.png 1024w, https:\/\/www.tv-floersheim.de\/wp-content\/uploads\/2022\/01\/Sportabzeichen-768x280.png 768w, https:\/\/www.tv-floersheim.de\/wp-content\/uploads\/2022\/01\/Sportabzeichen.png 1120w\" sizes=\"auto, (max-width: 300px) 100vw, 300px\" \/><\/p>\n<p>Die Abzeichen f\u00fcr Kinder und Jugendliche bis 17 Jahre:<\/p>\n<p><img loading=\"lazy\" decoding=\"async\" class=\"alignnone size-medium wp-image-628\" src=\"http:\/\/www.tv-floersheim.de\/wp-content\/uploads\/2022\/01\/Sportabzeichen-Jugend-300x116.png\" alt=\"\" width=\"300\" height=\"116\" srcset=\"https:\/\/www.tv-floersheim.de\/wp-content\/uploads\/2022\/01\/Sportabzeichen-Jugend-300x116.png 300w, https:\/\/www.tv-floersheim.de\/wp-content\/uploads\/2022\/01\/Sportabzeichen-Jugend-1024x398.png 1024w, https:\/\/www.tv-floersheim.de\/wp-content\/uploads\/2022\/01\/Sportabzeichen-Jugend-768x298.png 768w, https:\/\/www.tv-floersheim.de\/wp-content\/uploads\/2022\/01\/Sportabzeichen-Jugend.png 1056w\" sizes=\"auto, (max-width: 300px) 100vw, 300px\" \/><\/p>\n<p>TERMINE<br \/>\nDer Sportabzeichen-Treff des TV Fl\u00f6rsheim findet von Mai bis Oktober an jedem ersten und dritten Dienstag im Monat ab 18:00 Uhr auf dem Sportplatz in der Hauptstra\u00dfe in Fl\u00f6rsheim statt.<br \/>\nF\u00fcr das Schwimmen, Radfahren und Ger\u00e4tturnen werden bei Bedarf Extra-Termine mit den Teilnehmern vereinbart.<\/p>\n<p>DIE \u00dcBUNGSLEITER<\/p>\n<p>Das Pr\u00fcfer-Team Sabine Grallert, Christine Rhein, Gudrun Schnelle, Edgar Schweinfurth und Gabi Sterker freut sich jederzeit auf neue und bekannte TeilnehmerInnen.<\/p>\n","protected":false},"excerpt":{"rendered":"<p>ALLGEMEINES Wer seine Leistungsf\u00e4higkeit und Fitness testen oder einfach entdecken m\u00f6chte, was in ihm steckt, ist beim Sportabzeichen-Treff des TV Fl\u00f6rsheim richtig. Das Deutsche Sport-abzeichen ist au\u00dferhalb des Wettkampfsports die [&hellip;]<\/p>\n","protected":false},"author":2,"featured_media":0,"parent":0,"menu_order":0,"comment_status":"closed","ping_status":"closed","template":"","meta":{"footnotes":""},"class_list":["post-89","page","type-page","status-publish","hentry"],"_links":{"self":[{"href":"https:\/\/www.tv-floersheim.de\/index.php?rest_route=\/wp\/v2\/pages\/89","targetHints":{"allow":["GET"]}}],"collection":[{"href":"https:\/\/www.tv-floersheim.de\/index.php?rest_route=\/wp\/v2\/pages"}],"about":[{"href":"https:\/\/www.tv-floersheim.de\/index.php?rest_route=\/wp\/v2\/types\/page"}],"author":[{"embeddable":true,"href":"https:\/\/www.tv-floersheim.de\/index.php?rest_route=\/wp\/v2\/users\/2"}],"replies":[{"embeddable":true,"href":"https:\/\/www.tv-floersheim.de\/index.php?rest_route=%2Fwp%2Fv2%2Fcomments&post=89"}],"version-history":[{"count":2,"href":"https:\/\/www.tv-floersheim.de\/index.php?rest_route=\/wp\/v2\/pages\/89\/revisions"}],"predecessor-version":[{"id":924,"href":"https:\/\/www.tv-floersheim.de\/index.php?rest_route=\/wp\/v2\/pages\/89\/revisions\/924"}],"wp:attachment":[{"href":"https:\/\/www.tv-floersheim.de\/index.php?rest_route=%2Fwp%2Fv2%2Fmedia&parent=89"}],"curies":[{"name":"wp","href":"https:\/\/api.w.org\/{rel}","templated":true}]}}