{"id":87,"date":"2016-07-23T21:09:22","date_gmt":"2016-07-23T21:09:22","guid":{"rendered":"http:\/\/turnverein-floersheim.de\/?page_id=87"},"modified":"2025-10-24T13:07:08","modified_gmt":"2025-10-24T11:07:08","slug":"seniorensport","status":"publish","type":"page","link":"https:\/\/www.tv-floersheim.de\/?page_id=87","title":{"rendered":"Seniorensport"},"content":{"rendered":"\n<div class=\"wp-block-columns is-layout-flex wp-container-core-columns-is-layout-9d6595d7 wp-block-columns-is-layout-flex\">\n<div class=\"wp-block-column is-layout-flow wp-block-column-is-layout-flow\">\n<p>Die Seniorensportgruppe des TV Fl\u00f6rsheim besteht seit 2005 und richtet sich an sportbegeisterte Frauen und M\u00e4nner ab 50 Jahren. Jeden <strong>Mittwoch von 18:30 bis 20:00 Uhr<\/strong> kommen die Teilnehmenden in der <strong>Alfred-Delp-Halle<\/strong> zusammen, um gemeinsam aktiv zu sein.<\/p>\n\n\n\n<p>Das abwechslungsreiche Programm umfasst unter anderem Aufw\u00e4rm\u00fcbungen, Training f\u00fcr Beweglichkeit und Koordination, kleine Spiele mit verschiedenen Handger\u00e4ten, Gymnastik, Atemtechniken sowie vielf\u00e4ltige Entspannungs\u00fcbungen. Neben der k\u00f6rperlichen Fitness steht auch das gesellige Miteinander im Mittelpunkt \u2013 denn gemeinsam macht Bewegung einfach mehr Spa\u00df.<\/p>\n<\/div>\n\n\n\n<div class=\"wp-block-column is-layout-flow wp-block-column-is-layout-flow\">\n<figure class=\"wp-block-image size-large is-resized\"><img loading=\"lazy\" decoding=\"async\" width=\"1024\" height=\"938\" src=\"http:\/\/www.tv-floersheim.de\/wp-content\/uploads\/2025\/10\/MachMitBleibFitTurnen-1024x938.png\" alt=\"\" class=\"wp-image-932\" style=\"width:355px;height:auto\" srcset=\"https:\/\/www.tv-floersheim.de\/wp-content\/uploads\/2025\/10\/MachMitBleibFitTurnen-1024x938.png 1024w, https:\/\/www.tv-floersheim.de\/wp-content\/uploads\/2025\/10\/MachMitBleibFitTurnen-300x275.png 300w, https:\/\/www.tv-floersheim.de\/wp-content\/uploads\/2025\/10\/MachMitBleibFitTurnen-768x704.png 768w, https:\/\/www.tv-floersheim.de\/wp-content\/uploads\/2025\/10\/MachMitBleibFitTurnen-1536x1407.png 1536w, https:\/\/www.tv-floersheim.de\/wp-content\/uploads\/2025\/10\/MachMitBleibFitTurnen.png 1600w\" sizes=\"auto, (max-width: 1024px) 100vw, 1024px\" \/><\/figure>\n<\/div>\n<\/div>\n","protected":false},"excerpt":{"rendered":"<p>Die Seniorensportgruppe des TV Fl\u00f6rsheim besteht seit 2005 und richtet sich an sportbegeisterte Frauen und M\u00e4nner ab 50 Jahren. Jeden Mittwoch von 18:30 bis 20:00 Uhr kommen die Teilnehmenden in [&hellip;]<\/p>\n","protected":false},"author":2,"featured_media":0,"parent":0,"menu_order":0,"comment_status":"closed","ping_status":"closed","template":"","meta":{"footnotes":""},"class_list":["post-87","page","type-page","status-publish","hentry"],"_links":{"self":[{"href":"https:\/\/www.tv-floersheim.de\/index.php?rest_route=\/wp\/v2\/pages\/87","targetHints":{"allow":["GET"]}}],"collection":[{"href":"https:\/\/www.tv-floersheim.de\/index.php?rest_route=\/wp\/v2\/pages"}],"about":[{"href":"https:\/\/www.tv-floersheim.de\/index.php?rest_route=\/wp\/v2\/types\/page"}],"author":[{"embeddable":true,"href":"https:\/\/www.tv-floersheim.de\/index.php?rest_route=\/wp\/v2\/users\/2"}],"replies":[{"embeddable":true,"href":"https:\/\/www.tv-floersheim.de\/index.php?rest_route=%2Fwp%2Fv2%2Fcomments&post=87"}],"version-history":[{"count":6,"href":"https:\/\/www.tv-floersheim.de\/index.php?rest_route=\/wp\/v2\/pages\/87\/revisions"}],"predecessor-version":[{"id":940,"href":"https:\/\/www.tv-floersheim.de\/index.php?rest_route=\/wp\/v2\/pages\/87\/revisions\/940"}],"wp:attachment":[{"href":"https:\/\/www.tv-floersheim.de\/index.php?rest_route=%2Fwp%2Fv2%2Fmedia&parent=87"}],"curies":[{"name":"wp","href":"https:\/\/api.w.org\/{rel}","templated":true}]}}