{"id":77,"date":"2016-07-23T21:04:12","date_gmt":"2016-07-23T21:04:12","guid":{"rendered":"http:\/\/turnverein-floersheim.de\/?page_id=77"},"modified":"2022-01-14T13:27:57","modified_gmt":"2022-01-14T12:27:57","slug":"sportgruppe-fuer-patienten-in-der-krebsnachsorge","status":"publish","type":"page","link":"https:\/\/www.tv-floersheim.de\/?page_id=77","title":{"rendered":"Sport in der Krebsnachsorge"},"content":{"rendered":"<p>Die Sportgruppe in der Krebsnachsorge richtet sich an Menschen mit aktueller oder \u00fcberstan\u00adde\u00adner Krebserkrankung, im Optimalfall im Anschluss an die klinische Therapie. Es ist eine ambu\u00adlante REHA-Sportgruppe, die mit dem Quali\u00adt\u00e4tssiegel \u201eREHA-Sportgruppe, zerti\u00adfiziert und aner\u00adkannt\u201c des DBS ausgezeichnet ist.<\/p>\n<p>Zu Beginn der Sportstunden werden ak\u00adtuelle Themen, sowie Erfahrungen und Informationen zum Krankheitsbild und seiner Bew\u00e4ltigung ausgetauscht, die oft hilfreich f\u00fcr alle in der Gruppe sind. Da\u00adnach beginnt die Bewegungs\u00adtherapie mit der Mobilisation der Gelen\u00adke, abwechs\u00adlungsreichen Koordi\u00adna\u00adtions-, Kraft- und Ausdauer\u00adbe\u00adlastungen, ab und zu durch t\u00e4nzerische Elemen\u00adte erg\u00e4nzt.<\/p>\n<p>Unsere Ziele:<\/p>\n<ul>\n<li>Psychosoziale Unterst\u00fctzung bei der Krankheitsbew\u00e4ltigung<\/li>\n<li>Spa\u00df und Freude an der Bewegung<\/li>\n<li>Verbesserung noch vorhandener Funktionseinschr\u00e4nkungen<\/li>\n<li>Aufbau der k\u00f6rperlichen Leistungs\u00adf\u00e4higkeit<\/li>\n<li>Verbesserung der allgemeinen Fitness<\/li>\n<li>St\u00e4rkung der k\u00f6rpereigenen (Immun\u2011)Abwehr<\/li>\n<li>Steigerung des Selbstvertrauens<\/li>\n<li>Pr\u00e4vention von m\u00f6glichen Sp\u00e4tfolgen der Erkrankung<\/li>\n<li>Hinf\u00fchrung zu langfristigen Freizeitaktivit\u00e4ten<\/li>\n<\/ul>\n<p><strong>\u00a0<\/strong>Die \u00dcbungsstunden finden immer <strong>montags von 18-19 Uhr in der Alfred-Delp-Halle<\/strong> statt.<\/p>\n<p>Weitere Informationen gibt es w\u00e4hrend der \u00dcbungsstunden oder bei der Abteilungsleiterin<br \/>\nChristine Rhein<br \/>\nTel. 06145 &#8211; 7276 oder<br \/>\nE-Mail: <a href=\"mailto:Christine.Rhein@TV-Floersheim.de\">Christine.Rhein@TV-Floersheim.de<\/a><\/p>\n","protected":false},"excerpt":{"rendered":"<p>Die Sportgruppe in der Krebsnachsorge richtet sich an Menschen mit aktueller oder \u00fcberstan\u00adde\u00adner Krebserkrankung, im Optimalfall im Anschluss an die klinische Therapie. Es ist eine ambu\u00adlante REHA-Sportgruppe, die mit dem [&hellip;]<\/p>\n","protected":false},"author":2,"featured_media":0,"parent":0,"menu_order":0,"comment_status":"closed","ping_status":"closed","template":"","meta":{"footnotes":""},"class_list":["post-77","page","type-page","status-publish","hentry"],"_links":{"self":[{"href":"https:\/\/www.tv-floersheim.de\/index.php?rest_route=\/wp\/v2\/pages\/77","targetHints":{"allow":["GET"]}}],"collection":[{"href":"https:\/\/www.tv-floersheim.de\/index.php?rest_route=\/wp\/v2\/pages"}],"about":[{"href":"https:\/\/www.tv-floersheim.de\/index.php?rest_route=\/wp\/v2\/types\/page"}],"author":[{"embeddable":true,"href":"https:\/\/www.tv-floersheim.de\/index.php?rest_route=\/wp\/v2\/users\/2"}],"replies":[{"embeddable":true,"href":"https:\/\/www.tv-floersheim.de\/index.php?rest_route=%2Fwp%2Fv2%2Fcomments&post=77"}],"version-history":[{"count":2,"href":"https:\/\/www.tv-floersheim.de\/index.php?rest_route=\/wp\/v2\/pages\/77\/revisions"}],"predecessor-version":[{"id":647,"href":"https:\/\/www.tv-floersheim.de\/index.php?rest_route=\/wp\/v2\/pages\/77\/revisions\/647"}],"wp:attachment":[{"href":"https:\/\/www.tv-floersheim.de\/index.php?rest_route=%2Fwp%2Fv2%2Fmedia&parent=77"}],"curies":[{"name":"wp","href":"https:\/\/api.w.org\/{rel}","templated":true}]}}