{"id":73,"date":"2016-07-23T21:02:58","date_gmt":"2016-07-23T21:02:58","guid":{"rendered":"http:\/\/turnverein-floersheim.de\/?page_id=73"},"modified":"2022-01-14T13:25:33","modified_gmt":"2022-01-14T12:25:33","slug":"lungensportgruppe","status":"publish","type":"page","link":"https:\/\/www.tv-floersheim.de\/?page_id=73","title":{"rendered":"Lungensport"},"content":{"rendered":"<p>Seit Januar 2008 gibt es bei uns im Verein Lungensport. Dieses Angebot richtet sich an Menschen mit Atemwegserkrankungen wie Asthma bronchiale, chronische Bronchitis, Lungenemphyseme oder COPD (chronisch-obstruktive Lungenerkrankung). Bei diesen Krankheitsbildern ist n\u00e4mlich keineswegs Schonung angesagt! Denn k\u00f6rperliche Schonung f\u00fchrt zum Abbau von Muskulatur, die verbleibende Muskulatur ist schnell \u00fcberfordert und arbeitet nicht mehr \u00f6konomisch. Das verst\u00e4rkt die Luftnot und die Angst vor \u00dcberforderung. Weitere Gefahren der Schonung sind das Zur\u00fcckbilden des Herz-Kreislaufs-Systems sowie ein Substanzverlust der wenig belasteten Knochen (Osteoporose).<\/p>\n<p>In der Lungensport-Gruppe steigern die Betroffenen unter qualifizierter Anleitung und mit Hilfe von individuellen Trainingspl\u00e4nen ihre Muskelkraft wieder und verbessern ihre Ausdauer, Beweglichkeit und Koordination. Gleichzeitig lernen die Teilnehmer eine entspanntere und \u00f6konomischere Atemtechnik. Nicht zuletzt erh\u00f6ht eine wiedergewonnene Fitness das Selbstvertrauen und den Mut, besonders wenn man sich in einer Gruppe wohlf\u00fchlt, die gemeinsam Sport treibt. Stundeninhalte sind neben regelm\u00e4\u00dfigen Peak-Flow-Messungen Aufw\u00e4rmtraining, (Funktions-) Gymnastik, Ausdauer- und Koordinations\u00fcbungen, verschiedene Entspannungstechniken sowie Atem\u00fcbungen. Regelm\u00e4\u00dfige Informationsveranstaltungen sowie eine \u00e4rztliche Betreuung erg\u00e4nzen das Angebot.<\/p>\n<p>Seit 2011 haben wir das Angebot durch zwei Lungengruppen f\u00fcr sauerstoffpflichtige oder stark in der Belastung eingeschr\u00e4nkte Teilnehmer erg\u00e4nzt.<\/p>\n<p>S\u00e4mtliche Lungensportgruppen des Vereins besitzen das Qualit\u00e4tssiegel \u201eReha-Sportgruppe, zertifiziert und anerkannt\u201c des Deutschen Behindertensportverbandes.<\/p>\n<p>Weitere Informationen gibt es w\u00e4hrend der \u00dcbungsstunden oder bei der Abteilungsleiterin <br \/>Christine Rhein<br \/>Tel. 06145 &#8211; 7276 oder <br \/>E-Mail: <a href=\"mailto:Christine.Rhein@TV-Floersheim.de\">Christine.Rhein@TV-Floersheim.de<\/a><\/p>\n\n\n<p><\/p>\n","protected":false},"excerpt":{"rendered":"<p>Seit Januar 2008 gibt es bei uns im Verein Lungensport. Dieses Angebot richtet sich an Menschen mit Atemwegserkrankungen wie Asthma bronchiale, chronische Bronchitis, Lungenemphyseme oder COPD (chronisch-obstruktive Lungenerkrankung). Bei diesen [&hellip;]<\/p>\n","protected":false},"author":2,"featured_media":0,"parent":0,"menu_order":0,"comment_status":"closed","ping_status":"closed","template":"","meta":{"footnotes":""},"class_list":["post-73","page","type-page","status-publish","hentry"],"_links":{"self":[{"href":"https:\/\/www.tv-floersheim.de\/index.php?rest_route=\/wp\/v2\/pages\/73","targetHints":{"allow":["GET"]}}],"collection":[{"href":"https:\/\/www.tv-floersheim.de\/index.php?rest_route=\/wp\/v2\/pages"}],"about":[{"href":"https:\/\/www.tv-floersheim.de\/index.php?rest_route=\/wp\/v2\/types\/page"}],"author":[{"embeddable":true,"href":"https:\/\/www.tv-floersheim.de\/index.php?rest_route=\/wp\/v2\/users\/2"}],"replies":[{"embeddable":true,"href":"https:\/\/www.tv-floersheim.de\/index.php?rest_route=%2Fwp%2Fv2%2Fcomments&post=73"}],"version-history":[{"count":2,"href":"https:\/\/www.tv-floersheim.de\/index.php?rest_route=\/wp\/v2\/pages\/73\/revisions"}],"predecessor-version":[{"id":644,"href":"https:\/\/www.tv-floersheim.de\/index.php?rest_route=\/wp\/v2\/pages\/73\/revisions\/644"}],"wp:attachment":[{"href":"https:\/\/www.tv-floersheim.de\/index.php?rest_route=%2Fwp%2Fv2%2Fmedia&parent=73"}],"curies":[{"name":"wp","href":"https:\/\/api.w.org\/{rel}","templated":true}]}}