{"id":71,"date":"2016-07-23T21:02:03","date_gmt":"2016-07-23T21:02:03","guid":{"rendered":"http:\/\/turnverein-floersheim.de\/?page_id=71"},"modified":"2022-01-14T13:05:36","modified_gmt":"2022-01-14T12:05:36","slug":"koronarsport","status":"publish","type":"page","link":"https:\/\/www.tv-floersheim.de\/?page_id=71","title":{"rendered":"Herzsport"},"content":{"rendered":"<p>Sie leiden an einer Herzerkrankung? Dann gilt besonders Ihnen die Aufforderung zu &#8222;sportlicher Bet\u00e4tigung&#8220;! Selbst Herzinfarkt, Stent oder Herzklappen-Operation sind heute kein Grund mehr, sich zur\u00fcckzuziehen und jede Anstrengung zu meiden. Im Gegenteil: Bewegung ist neben der medikament\u00f6sen Behandlung eine der wichtigsten S\u00e4ulen in der Therapie koronarer Herzkrankheiten.<\/p>\n<p>Dabei soll es nicht darum gehen, Ihr Leistungsdenken neu zu beleben, sondern Sie k\u00f6nnen lernen, Ihre Lebensqualit\u00e4t zu f\u00f6rdern und die Risikofaktoren Ihrer Krankheit g\u00fcnstig zu beeinflussen. Richtig ausgew\u00e4hlt und durchgef\u00fchrt k\u00f6nnen Bewegung und Entspannung k\u00f6rperliche und seelische Leistungseinbu\u00dfen ausgleichen. Wohldosierte, Ihrer pers\u00f6nlichen Belastungsf\u00e4higkeit angepasste Beanspruchungen bauen Stress ab und f\u00fchren zu g\u00fcnstigen Wirkungen auf Herz, Kreislauf, Atmung und Stoffwechsel sowie zur psychischen Stabilisierung. Sie verlieren bei uns die Angst vor Herz-Kreislauf-St\u00f6rungen und lernen, Ihre Belastungsf\u00e4higkeit richtig einzusch\u00e4tzen, auch f\u00fcr die Umsetzung im t\u00e4glichen Leben.<br \/>Der Turnverein von 1861 e. V. gr\u00fcndete bereits 1989 in enger Zusammenarbeit mit der Stadt Fl\u00f6rsheim am Main die erste Herzsportgruppe. Aufgrund st\u00e4ndig steigender Mitgliederzahlen und um die Trainingsinhalte besser auf die Belastbarkeit der einzelnen Teilnehmer abstimmen zu k\u00f6nnen, gibt es mittlerweile eine \u00dcbungs- und zwei Trainingsgruppen. Die \u00dcbungsabende aller Gruppen sind immer <strong>montags (19:15 bis 20:30 Uhr) in der Alfred-Delp-Sporthalle<\/strong> in Fl\u00f6rsheim.<br \/>S\u00e4mtliche Koronarsportgruppen des Vereins besitzen das Qualit\u00e4tssiegel \u201eReha-Sportgruppe, anerkannt und zertifiziert\u201c des Deutschen Behindertensportverbandes.<\/p>\n<p><strong>Die \u00dcbungsleiter:<\/strong><br \/>Unsere qualifizierten Fach\u00fcbungsleiterInnen bieten ein vielseitiges und abwechslungsreiches Programm aus Gymnastik, Gruppen- und Mannschaftsspielen, Koordinations\u00fcbungen, moderatem Kreislauftraining und Entspannung. Belastungskontrollen sind w\u00e4hrend des \u00dcbungsbetriebes besonders wichtig und werden in Form von Pulsfrequenzkontrollen durchgef\u00fchrt.<\/p>\n<p><strong>Die betreuenden \u00c4rzte:<\/strong><br \/>In jeder \u00dcbungsstunde ist ein erfahrener Arzt anwesend, der die Teilnehmer ber\u00e4t und in engem Kontakt zu den \u00dcbungsleitern steht. Unser \u00c4rzte-Team: Gernot Schmidt-Petters (federf\u00fchrender Arzt), Dr. Sigrid Graafen, Dr. med. Jochen Himsel, M. Schol-Tadic, I. Henne.<\/p>\n<p>Nat\u00fcrlich ist auch die n\u00f6tige Notfallausr\u00fcstung\u00a0&#8211; Notfallkoffer und Defibrillator &#8211; vorhanden und wird regelm\u00e4\u00dfig gewartet.<\/p>\n<p><strong>Die Gesamtleitung:<\/strong><br \/>Die Gesamtorganisation der Gruppen hat Christine Rhein \u00fcbernommen. Sie sorgt f\u00fcr den reibungslosen Ablauf des \u00dcbungsbetriebs, regelt den Schriftverkehr mit dem Hessischen Behinderten- und Rehabilitationssportverbandes (HBRS) sowie den Krankenkassen und k\u00fcmmert sich um Neuanmeldungen und die Mitgliederverwaltung:<\/p>\n<p>Tel.: 06145\/7276<br \/>E-Mail: <a href=\"mailto:Christine.Rhein@TV-Floersheim.de\">Christine.Rhein@TV-Floersheim.de<\/a><\/p>\n<p><strong>Voraussetzung zur Teilnahme an den \u00dcbungsstunden:<\/strong><br \/>Voraussetzungen f\u00fcr die Teilnahme an der Herzsportgruppe sind ein aktuelles Belastungs-EKG (mindestens 75 Watt) sowie ein Antrag zur Kosten\u00fcbernahme von Rehabilitationssport f\u00fcr die Krankenkasse. S\u00e4mtliche Formulare sind w\u00e4hrend der \u00dcbungsstunden oder bei Christine Rhein erh\u00e4ltlich.<\/p>\n<p><strong>Info:<br \/><\/strong>Auch wenn die Verordnung, also die Kosten\u00fcbernahme durch die Krankenkasse, abgelaufen ist, k\u00f6nne Sie gerne in einer unserer Folgegruppen weiterhin trainieren.<\/p>\n\n\n<p><\/p>\n","protected":false},"excerpt":{"rendered":"<p>Sie leiden an einer Herzerkrankung? Dann gilt besonders Ihnen die Aufforderung zu &#8222;sportlicher Bet\u00e4tigung&#8220;! Selbst Herzinfarkt, Stent oder Herzklappen-Operation sind heute kein Grund mehr, sich zur\u00fcckzuziehen und jede Anstrengung zu [&hellip;]<\/p>\n","protected":false},"author":2,"featured_media":0,"parent":0,"menu_order":0,"comment_status":"closed","ping_status":"closed","template":"","meta":{"footnotes":""},"class_list":["post-71","page","type-page","status-publish","hentry"],"_links":{"self":[{"href":"https:\/\/www.tv-floersheim.de\/index.php?rest_route=\/wp\/v2\/pages\/71","targetHints":{"allow":["GET"]}}],"collection":[{"href":"https:\/\/www.tv-floersheim.de\/index.php?rest_route=\/wp\/v2\/pages"}],"about":[{"href":"https:\/\/www.tv-floersheim.de\/index.php?rest_route=\/wp\/v2\/types\/page"}],"author":[{"embeddable":true,"href":"https:\/\/www.tv-floersheim.de\/index.php?rest_route=\/wp\/v2\/users\/2"}],"replies":[{"embeddable":true,"href":"https:\/\/www.tv-floersheim.de\/index.php?rest_route=%2Fwp%2Fv2%2Fcomments&post=71"}],"version-history":[{"count":2,"href":"https:\/\/www.tv-floersheim.de\/index.php?rest_route=\/wp\/v2\/pages\/71\/revisions"}],"predecessor-version":[{"id":640,"href":"https:\/\/www.tv-floersheim.de\/index.php?rest_route=\/wp\/v2\/pages\/71\/revisions\/640"}],"wp:attachment":[{"href":"https:\/\/www.tv-floersheim.de\/index.php?rest_route=%2Fwp%2Fv2%2Fmedia&parent=71"}],"curies":[{"name":"wp","href":"https:\/\/api.w.org\/{rel}","templated":true}]}}