{"id":631,"date":"2022-01-14T12:57:26","date_gmt":"2022-01-14T11:57:26","guid":{"rendered":"https:\/\/www.tv-floersheim.de\/?page_id=631"},"modified":"2025-12-29T15:26:39","modified_gmt":"2025-12-29T14:26:39","slug":"rehabilitationssport-im-tv-floersheim-stand-januar-2022","status":"publish","type":"page","link":"https:\/\/www.tv-floersheim.de\/?page_id=631","title":{"rendered":"\u00dcbersicht Rehabilitationssport"},"content":{"rendered":"\n<p>Stand: Januar 2026<\/p>\n\n\n\n<figure class=\"wp-block-table is-style-stripes has-small-font-size\"><table class=\"has-black-color has-pale-ocean-gradient-background has-text-color has-background has-link-color has-fixed-layout\"><thead><tr><th>Angebot<\/th><th>Zeit und Leistung<\/th><th>Ort<\/th><\/tr><\/thead><tbody><tr><td><strong>Herzsport,<\/strong><br><strong>\u00dcbungsgruppe (\u00dcG)<\/strong><\/td><td><strong>Montag, 19-20 Uhr,<br>\u00dcL- und \u00c4rzte-Team<\/strong><\/td><td><strong>Alfred-Delp-Halle<br>(Gymnastikraum)<\/strong><\/td><\/tr><tr><td><strong>Herzsport,<\/strong><br><strong>Trainingsgruppe 1 (TG 1)<\/strong><\/td><td><strong>Montag, 19-20 Uhr,<br>\u00dcL- und \u00c4rzte-Team<\/strong><\/td><td>A<strong>lfred-Delp-Halle<\/strong><\/td><\/tr><tr><td><strong>Herzsport,<\/strong><br><strong>Trainingsgruppe 2 (TG 2)<\/strong><\/td><td><strong>Montag, 19-20 Uhr,<\/strong><br><strong>\u00dcL- und \u00c4rzte-Team<\/strong><\/td><td><strong>Alfred-Delp-Halle<\/strong><\/td><\/tr><tr><td><strong>Diabetessport<\/strong><\/td><td><strong>Mittwoch, 10-11 Uhr<\/strong><br><strong>\u00dcL: Melissa Marks<\/strong><\/td><td><strong>Mehrzweckraum<\/strong><br><strong>Artelbr\u00fcckstra\u00dfe 22<\/strong><\/td><\/tr><tr><td><strong>Lungensport,<\/strong><br><strong>Gruppen 1 und 2<\/strong><\/td><td><strong>Montag, 8-9 Uhr und 9-10 Uhr<\/strong><br><strong>\u00dcL: Melissa Marks<\/strong><\/td><td><strong>Mehrzweckraum<\/strong><br><strong>Artelbr\u00fcckstra\u00dfe 22<\/strong><\/td><\/tr><tr><td><strong>Lungensport<\/strong><br><strong>Gruppe 3<\/strong><\/td><td><strong>Donnerstag, 11-12 Uhr<\/strong><br><strong>\u00dcL: Sabine Grallert<\/strong><\/td><td><strong>Mehrzweckraum<\/strong><br><strong>Artelbr\u00fcckstra\u00dfe 22<\/strong><\/td><\/tr><tr><td><strong>Post-COVID-<\/strong><strong>Sportgruppe<\/strong><\/td><td><strong>Mittwoch, 11-12 Uhr<\/strong><br><strong>\u00dcL: Melissa Marks<\/strong><\/td><td><strong>Mehrzweckraum<\/strong><br><strong>Artelbr\u00fcckstra\u00dfe 22<\/strong><\/td><\/tr><tr><td><strong>Sport in der Krebsnachsorge<\/strong><\/td><td><strong>Montag, 18-19 Uhr,<\/strong><br><strong>\u00dcL: Sandra Schwabe<\/strong><\/td><td><strong>Alfred-Delp-Halle<\/strong><\/td><\/tr><tr><td><strong>Orthop\u00e4diesport,<\/strong><br><strong>Gruppen 1 + 2<\/strong><\/td><td><strong>Mittwoch, 19-20 Uhr und 20-21 Uhr<\/strong><br><strong>\u00dcL: S. Grallert, S. Schwabe<\/strong><\/td><td><strong>Alfred-Delp-Halle<\/strong><\/td><\/tr><tr><td><strong>Orthop\u00e4diesport,<\/strong><br><strong>Gruppen 3 + 4<\/strong><\/td><td><strong>Montag, 10-11 und 11-12 Uhr<\/strong><br><strong>\u00dcL: Sabine Grallert<\/strong><\/td><td><strong>Mehrzweckraum<\/strong><br><strong>Artelbr\u00fcckstra\u00dfe 22<\/strong><\/td><\/tr><tr><td><strong>Orthop\u00e4diesport,<\/strong><br><strong>Gruppe 5<\/strong><\/td><td><strong>Mittwoch, 9-10 Uhr<\/strong><br><strong>\u00dcL: Melissa Marks<\/strong><\/td><td><strong>Mehrzweckraum<\/strong><br><strong>Artelbr\u00fcckstra\u00dfe 22<\/strong><\/td><\/tr><tr><td><strong>Orthop\u00e4diesport,<\/strong><br><strong>Gruppe 6<\/strong><\/td><td><strong>Dienstag, 19-20 Uhr<\/strong><br><strong>\u00dcL: Sabine Grallert<\/strong><\/td><td><strong>Riedschulhalle<\/strong><\/td><\/tr><tr><td><strong>Orthop\u00e4diesport,<\/strong><br><strong>Gruppe 7<\/strong><\/td><td><strong>Mittwoch, 17-18.30 Uhr<\/strong><br><strong>\u00dcL: <\/strong>Beate R\u00fchl<\/td><td><strong>Alfred-Delp-Halle<\/strong><\/td><\/tr><tr><td><strong>Orthop\u00e4diesport,<\/strong><br><strong>Gruppe 8<\/strong><\/td><td><strong>Mittwoch, 12-13 Uhr<\/strong><br><strong>\u00dcL: Sabine Gallert<\/strong><\/td><td><strong><strong>Mehrzweckraum<\/strong><br><strong>Artelbr\u00fcckstra\u00dfe 22<\/strong><\/strong><\/td><\/tr><tr><td><strong>Orthop\u00e4diesport,<\/strong><br><strong>Gruppe <\/strong>9 \/ <strong>R\u00fcckenfit<\/strong><\/td><td><strong>Montag, 20-21 Uhr<\/strong><br><strong>\u00dcL: Irena Wolter<\/strong><\/td><td><strong>Alfred-Delp-Halle<\/strong><\/td><\/tr><tr><td><strong>Folgegruppe 1<\/strong><\/td><td><strong>Montag, 16:30-17:30 Uhr<\/strong><br><strong>\u00dcL: Gabi Sterker<\/strong><\/td><td><strong>Alfred-Delp-Halle<\/strong><\/td><\/tr><tr><td><strong>Folgegruppe 2<\/strong><\/td><td><strong>Montag, 18-19 Uhr<\/strong><br><strong>\u00dcL-Team<\/strong><\/td><td><strong>Alfred-Delp-Halle<\/strong><\/td><\/tr><\/tbody><\/table><\/figure>\n\n\n\n<hr class=\"wp-block-separator has-alpha-channel-opacity is-style-wide\"\/>\n\n\n\n<p><strong>Alfred-Delp-Halle:&nbsp;<\/strong>Ecke Anne-Frank-Weg\/Maximilian-Kolbe-Weg (gegen\u00fcber Max.-Kolbe-Weg 21)<br><strong>Riedschulhalle:&nbsp;<\/strong>Hauptlehrer-Urson-Stra\u00dfe<\/p>\n\n\n\n<p><strong><u>Weitere Informationen und Anmeldung:<\/u><\/strong><strong><u><\/u><\/strong><\/p>\n\n\n\n<p><strong>Abteilungsleiterin Christine Rhein<\/strong><br><strong>Tel.: 06145-7276 oder Mail: <a href=\"mailto:Christine.Rhein@TV-Floersheim.de\">Christine.Rhein@TV-Floersheim.de<\/a><\/strong><\/p>\n\n\n\n<p>Aktueller Plan zum herunterladen &lt;&lt; <a href=\"http:\/\/www.tv-floersheim.de\/wp-content\/uploads\/2025\/12\/Angebote-Rehasport-25-12.pdf\" target=\"_blank\" rel=\"noreferrer noopener\">Hier<\/a> >><\/p>\n","protected":false},"excerpt":{"rendered":"<p>Stand: Januar 2026 Angebot Zeit und Leistung Ort Herzsport,\u00dcbungsgruppe (\u00dcG) Montag, 19-20 Uhr,\u00dcL- und \u00c4rzte-Team Alfred-Delp-Halle(Gymnastikraum) Herzsport,Trainingsgruppe 1 (TG 1) Montag, 19-20 Uhr,\u00dcL- und \u00c4rzte-Team Alfred-Delp-Halle Herzsport,Trainingsgruppe 2 (TG 2) [&hellip;]<\/p>\n","protected":false},"author":4,"featured_media":0,"parent":0,"menu_order":0,"comment_status":"closed","ping_status":"closed","template":"","meta":{"footnotes":""},"class_list":["post-631","page","type-page","status-publish","hentry"],"_links":{"self":[{"href":"https:\/\/www.tv-floersheim.de\/index.php?rest_route=\/wp\/v2\/pages\/631","targetHints":{"allow":["GET"]}}],"collection":[{"href":"https:\/\/www.tv-floersheim.de\/index.php?rest_route=\/wp\/v2\/pages"}],"about":[{"href":"https:\/\/www.tv-floersheim.de\/index.php?rest_route=\/wp\/v2\/types\/page"}],"author":[{"embeddable":true,"href":"https:\/\/www.tv-floersheim.de\/index.php?rest_route=\/wp\/v2\/users\/4"}],"replies":[{"embeddable":true,"href":"https:\/\/www.tv-floersheim.de\/index.php?rest_route=%2Fwp%2Fv2%2Fcomments&post=631"}],"version-history":[{"count":19,"href":"https:\/\/www.tv-floersheim.de\/index.php?rest_route=\/wp\/v2\/pages\/631\/revisions"}],"predecessor-version":[{"id":973,"href":"https:\/\/www.tv-floersheim.de\/index.php?rest_route=\/wp\/v2\/pages\/631\/revisions\/973"}],"wp:attachment":[{"href":"https:\/\/www.tv-floersheim.de\/index.php?rest_route=%2Fwp%2Fv2%2Fmedia&parent=631"}],"curies":[{"name":"wp","href":"https:\/\/api.w.org\/{rel}","templated":true}]}}