{"id":35,"date":"2016-07-21T22:33:00","date_gmt":"2016-07-21T22:33:00","guid":{"rendered":"http:\/\/turnverein-floersheim.de\/?page_id=35"},"modified":"2025-01-19T10:56:29","modified_gmt":"2025-01-19T09:56:29","slug":"kinderturnen","status":"publish","type":"page","link":"https:\/\/www.tv-floersheim.de\/?page_id=35","title":{"rendered":"Turnen"},"content":{"rendered":"\n<p>Das Turnangebot f\u00fcr Kinder und Jugendliche ist eines der Hauptanliegen des TV-Fl\u00f6rsheim. Die verschiedenen Angebote bieten jedem Kind das richtige Training. Los geht es mit den Kleinsten beim \u201eEltern &amp; Kind\u201c Turnen. Sobald der Nachwuchs richtig laufen kann, darf er zu Gerit in Halle kommen. Je nach Alter kommen die jungen Turnkinder in die n\u00e4chste Gruppe, um immer wieder das altersgem\u00e4\u00df richtige Training anbieten zu k\u00f6nnen.<\/p>\n\n\n\n<p>Inhalt der Turnstunden sind:<br>&#8211; Teamgeist, K\u00f6rperspannung und K\u00f6rperwahrnehmung<br>&#8211; Spielformen zur Schulung von Kraft und Ausdauer<br>&#8211; Koordination, Schnelligkeit und Gruppendynamik<br>&#8211; Kleine Entspannungsspiele am Ende der Stunde<\/p>\n\n\n\n<p><strong>Trainingszeiten \/ Gruppen:<\/strong><br><strong>3-5 Jahre gemischt<\/strong><br>Dienstag 16.30-17.30 Uhr Riedschule oder<br>Freitag 15.00 &#8211; 16.00 Uhr Riedschule<br>Gerit Kaus, 0173-3448161, <a title=\"mailto:gerit.kaus@tv-floersheim.de\" contenteditable=\"false\" href=\"mailto:gerit.kaus@tv-floersheim.de\">gerit.kaus@tv-floersheim.de<\/a><\/p>\n\n\n\n<p><strong>5-7 Jahre<\/strong><br>Dienstag 17.30-19.00 Uhr Riedschule <br>Margareta Etzelsberger, <a href=\"mailto:grete.3.me@gmail.com\">grete.3.me@gmail.com<\/a><br><br><strong>Gruppe 1 (5-6 Jahre)<\/strong><br>Freitag 17.00 &#8211; 18.00 Uhr Stauffenberg Halle<br>Margareta Etzelsberger, <a href=\"mailto:grete.3.me@gmail.com\">grete.3.me@gmail.com<\/a><\/p>\n\n\n\n<p><strong>Gruppe 2 (7-8 Jahre)<\/strong><br>Freitag 18.00 &#8211; 19.00 Uhr Stauffenberg Halle<br>Margareta Etzelsberger, <a href=\"mailto:grete.3.me@gmail.com\">grete.3.me@gmail.com<\/a><br><br><strong>Gruppe 3 (8-10 Jahre)<\/strong><br>Freitags, 19.00 &#8211; 20.00 Uhr Stauffenberg Halle<br>Margareta Etzelsberger, <a href=\"mailto:grete.3.me@gmail.com\">grete.3.me@gmail.com<\/a><\/p>\n\n\n\n<p><strong>5-12 Jahre (Mix aus Turnen + Spiel)<\/strong><br>Montag 17.00-18.30 Uhr Stauffenberg Halle<\/p>\n\n\n\n<p><strong>Ab 10 Jahre<\/strong><br>Montag 17.00 &#8211; 19.00 Uhr Stauffenberg Halle<br>Natalie Drolshagen, <a href=\"mailto:Natalie.Drolshagen@TV-Floersheim.de\">Natalie.Drolshagen@TV-Floersheim.de<\/a><\/p>\n","protected":false},"excerpt":{"rendered":"<p>Das Turnangebot f\u00fcr Kinder und Jugendliche ist eines der Hauptanliegen des TV-Fl\u00f6rsheim. Die verschiedenen Angebote bieten jedem Kind das richtige Training. Los geht es mit den Kleinsten beim \u201eEltern &amp; [&hellip;]<\/p>\n","protected":false},"author":2,"featured_media":0,"parent":0,"menu_order":0,"comment_status":"closed","ping_status":"closed","template":"","meta":{"footnotes":""},"class_list":["post-35","page","type-page","status-publish","hentry"],"_links":{"self":[{"href":"https:\/\/www.tv-floersheim.de\/index.php?rest_route=\/wp\/v2\/pages\/35","targetHints":{"allow":["GET"]}}],"collection":[{"href":"https:\/\/www.tv-floersheim.de\/index.php?rest_route=\/wp\/v2\/pages"}],"about":[{"href":"https:\/\/www.tv-floersheim.de\/index.php?rest_route=\/wp\/v2\/types\/page"}],"author":[{"embeddable":true,"href":"https:\/\/www.tv-floersheim.de\/index.php?rest_route=\/wp\/v2\/users\/2"}],"replies":[{"embeddable":true,"href":"https:\/\/www.tv-floersheim.de\/index.php?rest_route=%2Fwp%2Fv2%2Fcomments&post=35"}],"version-history":[{"count":12,"href":"https:\/\/www.tv-floersheim.de\/index.php?rest_route=\/wp\/v2\/pages\/35\/revisions"}],"predecessor-version":[{"id":867,"href":"https:\/\/www.tv-floersheim.de\/index.php?rest_route=\/wp\/v2\/pages\/35\/revisions\/867"}],"wp:attachment":[{"href":"https:\/\/www.tv-floersheim.de\/index.php?rest_route=%2Fwp%2Fv2%2Fmedia&parent=35"}],"curies":[{"name":"wp","href":"https:\/\/api.w.org\/{rel}","templated":true}]}}