{"id":31,"date":"2016-07-21T22:27:02","date_gmt":"2016-07-21T22:27:02","guid":{"rendered":"http:\/\/turnverein-floersheim.de\/?page_id=31"},"modified":"2023-10-03T20:12:48","modified_gmt":"2023-10-03T18:12:48","slug":"eltern-und-kind-turnen","status":"publish","type":"page","link":"https:\/\/www.tv-floersheim.de\/?page_id=31","title":{"rendered":"Eltern und Kind Turnen"},"content":{"rendered":"\n<h2 class=\"wp-block-heading\">Dienstags 15:30 &#8211; 16:30 Uhr, Riedschulhalle<\/h2>\n\n\n\n<h2 class=\"wp-block-heading\">Freitags 16:00 &#8211; 17:00 Uhr, Riedschulhalle<\/h2>\n\n\n<p>In einer ungezwungenen Atmosph\u00e4re d\u00fcrfen die Kleinen sobald sie sicher laufen, etwa im Alter von ca. 1 bis 3 Jahre, beim Eltern\/Gro\u00dfeltern-und-Kind-Turnen des TV Fl\u00f6rsheim, ihr K\u00f6nnen austesten. Es wird gesungen, gespielt, geklettert, balanciert, gehangelt und gesprungen.<\/p>\n<p>Die begleitenden Erwachsenen beteiligen sich ebenso rege an den gestellten Aufgaben wie die Kinder. Auch Geschwister sind regelm\u00e4\u00dfig mit von der Partie, auch f\u00fcr sie finden sich immer wieder tolle Aufgaben, die es zu l\u00f6sen gilt. Wir geben uns M\u00fche, dass in jeder Stunde ein neuer Parcours die Kinder vor neue, interessante Aufgaben stellt. Kombiniert wird dies stets mit altbekannten Aufbauten. So ist f\u00fcr Abwechselung gesorgt, Langeweile kommt nicht auf. Wer einen speziellen Wunsch hat, der kann diesen auch gerne mit der \u00dcbungsleiterin besprechen. Vieles l\u00e4sst sich leicht umsetzen.<\/p>\n<p>F\u00fcr Vorschl\u00e4ge sind wir immer offen. Wer Interesse hat, sich eine Stunde des Eltern\/Gro\u00dfeltern-und-Kind-Turnens anzusehen oder direkt mitmachen m\u00f6chte, der ist immer gerne eingeladen vorbeizukommen. Die Lieder und Spiele, die in den Stunden gesungen werden sind meist bekannt.<\/p>\n<p><strong>Trainingszeiten \/ Gruppen:<\/strong><br \/>Jungs und M\u00e4dchen im Alter von 1-3 Jahren<\/p>\n<p><span dir=\"ltr\">Dienstag 15:30 \u2013 16:30 Uhr &#8211; Riedschule Halle, Eingang Hauptlehrer Urson Stra\u00dfe<\/span><br \/>Freitag 16:00 &#8211; 17:00 Uhr &#8211; Riedschule Halle, Eingang Hauptlehrer Urson Stra\u00dfe<\/p>\n<p>Trainerin: Gerit Kaus, Tel.: 0173-3448161, e-Mail: \u00a0<a title=\"mailto:gerit.kaus@tv-floersheim.de\" contenteditable=\"false\" href=\"mailto:gerit.kaus@tv-floersheim.de\">gerit.kaus@tv-floersheim.de<\/a><\/p>","protected":false},"excerpt":{"rendered":"<p>Dienstags 15:30 &#8211; 16:30 Uhr, Riedschulhalle Freitags 16:00 &#8211; 17:00 Uhr, Riedschulhalle In einer ungezwungenen Atmosph\u00e4re d\u00fcrfen die Kleinen sobald sie sicher laufen, etwa im Alter von ca. 1 bis [&hellip;]<\/p>\n","protected":false},"author":2,"featured_media":0,"parent":0,"menu_order":0,"comment_status":"closed","ping_status":"closed","template":"","meta":{"footnotes":""},"class_list":["post-31","page","type-page","status-publish","hentry"],"_links":{"self":[{"href":"https:\/\/www.tv-floersheim.de\/index.php?rest_route=\/wp\/v2\/pages\/31","targetHints":{"allow":["GET"]}}],"collection":[{"href":"https:\/\/www.tv-floersheim.de\/index.php?rest_route=\/wp\/v2\/pages"}],"about":[{"href":"https:\/\/www.tv-floersheim.de\/index.php?rest_route=\/wp\/v2\/types\/page"}],"author":[{"embeddable":true,"href":"https:\/\/www.tv-floersheim.de\/index.php?rest_route=\/wp\/v2\/users\/2"}],"replies":[{"embeddable":true,"href":"https:\/\/www.tv-floersheim.de\/index.php?rest_route=%2Fwp%2Fv2%2Fcomments&post=31"}],"version-history":[{"count":5,"href":"https:\/\/www.tv-floersheim.de\/index.php?rest_route=\/wp\/v2\/pages\/31\/revisions"}],"predecessor-version":[{"id":758,"href":"https:\/\/www.tv-floersheim.de\/index.php?rest_route=\/wp\/v2\/pages\/31\/revisions\/758"}],"wp:attachment":[{"href":"https:\/\/www.tv-floersheim.de\/index.php?rest_route=%2Fwp%2Fv2%2Fmedia&parent=31"}],"curies":[{"name":"wp","href":"https:\/\/api.w.org\/{rel}","templated":true}]}}