{"id":109,"date":"2016-07-26T20:36:21","date_gmt":"2016-07-26T20:36:21","guid":{"rendered":"http:\/\/turnverein-floersheim.de\/?page_id=109"},"modified":"2020-10-16T17:17:01","modified_gmt":"2020-10-16T15:17:01","slug":"hsg-mainhandball","status":"publish","type":"page","link":"https:\/\/www.tv-floersheim.de\/?page_id=109","title":{"rendered":"HSG MainHandball"},"content":{"rendered":"<p>Die Handballabteilung bietet allen interessierten M\u00e4dchen und Jungen, angefangen bei unseren Minis (ab ca. 4 Jahren) \u00fcber alle Jugendbereiche bis in den Aktivenbereich (Frauen und M\u00e4nner ab 18 Jahre) die M\u00f6glichkeiten, Handball zu spielen. Seit Juli 2015 sind wir im gesamten Handballbereich in einer gro\u00dfen HandballSpielGemeinschaft vertreten: HSG MainHandball.<\/p>\n<p>Zusammen mit dem TSV Raunheim und dem BSC Kelsterbach bilden wir eine bedeutende Spielgemeinschaft am Untermain..<\/p>\n<p>Solltest Du Interesse am Handballsporthaben, dann schau auf unserer Homepage vorbei: <a href=\"http:\/\/hsgmh.de\/\" target=\"_blank\" rel=\"noopener noreferrer\">www.hsgmh.de <\/a><\/p>\n<p>Bei allen Fragen zur Handballabteilung kannst Du Dich auch direkt <a href=\"mailto:handball@tv-floersheim.de\" target=\"_blank\" rel=\"noopener noreferrer\">handball@tv-floersheim.de<\/a> informieren. Wir freuen uns auf Dich!<\/p>\n<p>Hier findest Du das <a href=\"http:\/\/www.tv-floersheim.de\/wp-content\/uploads\/2020\/10\/Hygienekonzept-Halle-HSG.pdf\">Hygienekonzept<\/a> der HSG MainHandball.<\/p>\n","protected":false},"excerpt":{"rendered":"<p>Die Handballabteilung bietet allen interessierten M\u00e4dchen und Jungen, angefangen bei unseren Minis (ab ca. 4 Jahren) \u00fcber alle Jugendbereiche bis in den Aktivenbereich (Frauen und M\u00e4nner ab 18 Jahre) die [&hellip;]<\/p>\n","protected":false},"author":2,"featured_media":0,"parent":0,"menu_order":0,"comment_status":"closed","ping_status":"closed","template":"","meta":{"footnotes":""},"class_list":["post-109","page","type-page","status-publish","hentry"],"_links":{"self":[{"href":"https:\/\/www.tv-floersheim.de\/index.php?rest_route=\/wp\/v2\/pages\/109","targetHints":{"allow":["GET"]}}],"collection":[{"href":"https:\/\/www.tv-floersheim.de\/index.php?rest_route=\/wp\/v2\/pages"}],"about":[{"href":"https:\/\/www.tv-floersheim.de\/index.php?rest_route=\/wp\/v2\/types\/page"}],"author":[{"embeddable":true,"href":"https:\/\/www.tv-floersheim.de\/index.php?rest_route=\/wp\/v2\/users\/2"}],"replies":[{"embeddable":true,"href":"https:\/\/www.tv-floersheim.de\/index.php?rest_route=%2Fwp%2Fv2%2Fcomments&post=109"}],"version-history":[{"count":5,"href":"https:\/\/www.tv-floersheim.de\/index.php?rest_route=\/wp\/v2\/pages\/109\/revisions"}],"predecessor-version":[{"id":454,"href":"https:\/\/www.tv-floersheim.de\/index.php?rest_route=\/wp\/v2\/pages\/109\/revisions\/454"}],"wp:attachment":[{"href":"https:\/\/www.tv-floersheim.de\/index.php?rest_route=%2Fwp%2Fv2%2Fmedia&parent=109"}],"curies":[{"name":"wp","href":"https:\/\/api.w.org\/{rel}","templated":true}]}}